{"id":4535,"date":"2021-03-28T20:35:33","date_gmt":"2021-03-28T20:35:33","guid":{"rendered":"http:\/\/maxvolbers.de\/?page_id=4535"},"modified":"2024-11-19T17:21:03","modified_gmt":"2024-11-19T17:21:03","slug":"impressum","status":"publish","type":"page","link":"https:\/\/maxvolbers.de\/en\/impressum\/","title":{"rendered":"Impressum"},"content":{"rendered":"<div data-elementor-type=\"wp-page\" data-elementor-id=\"4535\" class=\"elementor elementor-4535\" data-elementor-post-type=\"page\">\n\t\t\t\t\t\t<section class=\"elementor-section elementor-top-section elementor-element elementor-element-f1a7183 elementor-section-boxed elementor-section-height-default elementor-section-height-default\" data-id=\"f1a7183\" data-element_type=\"section\" data-e-type=\"section\">\n\t\t\t\t\t\t<div class=\"elementor-container elementor-column-gap-default\">\n\t\t\t\t\t<div class=\"elementor-column elementor-col-100 elementor-top-column elementor-element elementor-element-c1272da\" data-id=\"c1272da\" data-element_type=\"column\" data-e-type=\"column\">\n\t\t\t<div class=\"elementor-widget-wrap elementor-element-populated\">\n\t\t\t\t\t\t<div class=\"elementor-element elementor-element-2446dc7 elementor-widget elementor-widget-global elementor-global-5514 elementor-widget-spacer\" data-id=\"2446dc7\" data-element_type=\"widget\" data-e-type=\"widget\" data-widget_type=\"spacer.default\">\n\t\t\t\t<div class=\"elementor-widget-container\">\n\t\t\t\t\t\t\t<div class=\"elementor-spacer\">\n\t\t\t<div class=\"elementor-spacer-inner\"><\/div>\n\t\t<\/div>\n\t\t\t\t\t\t<\/div>\n\t\t\t\t<\/div>\n\t\t\t\t<div class=\"elementor-element elementor-element-ee56213 elementor-widget elementor-widget-text-editor\" data-id=\"ee56213\" data-element_type=\"widget\" data-e-type=\"widget\" data-widget_type=\"text-editor.default\">\n\t\t\t\t<div class=\"elementor-widget-container\">\n\t\t\t\t\t\t\t\t\t<div class=\"page\" title=\"Page 1\"><div class=\"layoutArea\"><div class=\"column\"><h3>Contact<\/h3><p>E-Mail: info (at) maxvolbers.de<\/p><p>Max Volbers<br \/>Am Schlautbach 75<br \/>48329 Havixbeck<\/p><h3>Haftung f\u00fcr Inhalte<\/h3><p>Als Diensteanbieter sind wir gem\u00e4\u00df \u00a7 7 Abs.1 TMG f\u00fcr eigene Inhalte auf diesen Seiten nach den allgemeinen Gesetzen verantwortlich. Nach \u00a7\u00a7 8 bis 10 TMG sind wir als Diensteanbieter jedoch nicht verpflichtet, \u00fcbermittelte oder gespeicherte fremde Informationen zu \u00fcberwachen oder nach Umst\u00e4nden zu forschen, die auf eine rechtswidrige T\u00e4tigkeit hinweisen.<br \/>Verpflichtungen zur Entfernung oder Sperrung der Nutzung von Informationen nach den allgemeinen Gesetzen bleiben hiervon unber\u00fchrt. Eine diesbez\u00fcgliche Haftung ist jedoch erst ab dem Zeitpunkt der Kenntnis einer konkreten Rechtsverletzung m\u00f6glich. Bei Bekanntwerden von entsprechenden Rechtsverletzungen werden wir diese Inhalte umgehend entfernen.<\/p><h3>Haftung f\u00fcr Links<\/h3><p>Unser Angebot enth\u00e4lt Links zu externen Webseiten Dritter, auf deren Inhalte wir keinen Einfluss haben. Deshalb k\u00f6nnen wir f\u00fcr diese fremden Inhalte auch keine Gew\u00e4hr \u00fcbernehmen. F\u00fcr die Inhalte der verlinkten Seiten ist stets der jeweilige Anbieter oder Betreiber der Seiten verantwortlich. Die verlinkten Seiten wurden zum Zeitpunkt der Verlinkung auf m\u00f6gliche Rechtsverst\u00f6\u00dfe \u00fcberpr\u00fcft. Rechtswidrige Inhalte waren zum Zeitpunkt der Verlinkung nicht erkennbar.<br \/>Eine permanente inhaltliche Kontrolle der verlinkten Seiten ist jedoch ohne konkrete Anhaltspunkte einer Rechtsverletzung nicht zumutbar. Bei Bekanntwerden von Rechtsverletzungen werden wir derartige Links umgehend entfernen.<\/p><\/div><\/div><\/div><div class=\"page\" title=\"Page 2\"><div class=\"layoutArea\"><div class=\"column\"><h3>Urheberrecht<\/h3><\/div><\/div><div class=\"layoutArea\"><div class=\"column\"><p>Die durch die Seitenbetreiber erstellten Inhalte und Werke auf diesen Seiten unterliegen dem deutschen Urheberrecht. Die Vervielf\u00e4ltigung, Bearbeitung, Verbreitung und jede Art der Verwertung au\u00dferhalb der Grenzen des Urheberrechtes bed\u00fcrfen der schriftlichen Zustimmung des jeweiligen Autors bzw. Erstellers. Downloads und Kopien dieser Seite sind nur f\u00fcr den privaten, nicht kommerziellen Gebrauch gestattet.<br \/>Soweit die Inhalte auf dieser Seite nicht vom Betreiber erstellt wurden, werden die Urheberrechte Dritter beachtet. Insbesondere werden Inhalte Dritter als solche gekennzeichnet. Sollten Sie trotzdem auf eine Urheberrechtsverletzung aufmerksam werden, bitten wir um einen entsprechenden Hinweis. Bei Bekanntwerden von Rechtsverletzungen werden wir derartige Inhalte umgehend entfernen.<\/p><p>Quelle: eRecht24<\/p><div class=\"page\" title=\"Page 1\">\u00a0<\/div><\/div><\/div><\/div><div class=\"page\" title=\"Page 1\"><div class=\"layoutArea\"><div class=\"column\"><h3>Privacy Policy<\/h3><h3>Datenschutz<\/h3><p>Die Betreiber dieser Seiten nehmen den Schutz Ihrer pers\u00f6nlichen Daten sehr ernst. Wir behandeln Ihre personenbezogenen Daten vertraulich und entsprechend der gesetzlichen Datenschutzvorschriften sowie dieser Datenschutzerkl\u00e4rung.<br \/>Die Nutzung unserer Webseite ist in der Regel ohne Angabe personenbezogener Daten m\u00f6glich. Soweit auf unseren Seiten personenbezogene Daten (beispielsweise Name, Anschrift oder E-Mail-Adressen) erhoben werden, erfolgt dies, soweit m\u00f6glich, stets auf freiwilliger Basis. Diese Daten werden ohne Ihre ausdr\u00fcckliche Zustimmung nicht an Dritte weitergegeben.<br \/>Wir weisen darauf hin, dass die Daten\u00fcbertragung im Internet (z.B. bei der Kommunikation per E-Mail) Sicherheitsl\u00fccken aufweisen kann. Ein l\u00fcckenloser Schutz der Daten vor dem Zugriff durch Dritte ist nicht m\u00f6glich.<\/p><h3>Cookies<\/h3><p>Die Internetseiten verwenden teilweise so genannte Cookies. Cookies richten auf Ihrem Rechner keinen Schaden an und enthalten keine Viren. Cookies dienen dazu, unser Angebot nutzerfreundlicher, effektiver und sicherer zu machen. Cookies sind kleine Textdateien, die auf Ihrem Rechner abgelegt werden und die Ihr Browser speichert.<br \/>Die meisten der von uns verwendeten Cookies sind so genannte \u201eSession-Cookies\u201c. Sie werden nach Ende Ihres Besuchs automatisch gel\u00f6scht. Andere Cookies bleiben auf Ihrem Endger\u00e4t gespeichert, bis Sie diese l\u00f6schen. Diese Cookies erm\u00f6glichen es uns, Ihren Browser beim n\u00e4chsten Besuch wiederzuerkennen.<br \/>Sie k\u00f6nnen Ihren Browser so einstellen, dass Sie \u00fcber das Setzen von Cookies informiert werden und Cookies nur im Einzelfall erlauben, die Annahme von Cookies f\u00fcr bestimmte F\u00e4lle oder generell ausschlie\u00dfen sowie das automatische L\u00f6schen der Cookies beim Schlie\u00dfen des Browser aktivieren. Bei der Deaktivierung von Cookies kann die Funktionalit\u00e4t dieser Website eingeschr\u00e4nkt sein.<\/p><\/div><\/div><\/div><div class=\"page\" title=\"Page 2\"><div class=\"layoutArea\"><div class=\"column\"><h3>Contact form<\/h3><p>Wenn Sie uns per Kontaktformular Anfragen zukommen lassen, werden Ihre Angaben aus dem Anfrageformular inklusive der von Ihnen dort angegebenen Kontaktdaten zwecks Bearbeitung der Anfrage und f\u00fcr den Fall von Anschlussfragen bei uns gespeichert. Diese Daten geben wir nicht ohne Ihre Einwilligung weiter.<\/p><h3>YouTube<\/h3><p>Unsere Webseite nutzt Plugins der von Google betriebenen Seite YouTube. Betreiber der Seiten ist die YouTube, LLC, 901 Cherry Ave., San Bruno, CA 94066, USA. Wenn Sie eine unserer mit einem YouTube- Plugin ausgestatteten Seiten besuchen, wird eine Verbindung zu den Servern von YouTube hergestellt. Dabei wird dem Youtube-Server mitgeteilt, welche unserer Seiten Sie besucht haben.<br \/>Wenn Sie in Ihrem YouTube-Account eingeloggt sind erm\u00f6glichen Sie YouTube, Ihr Surfverhalten direkt Ihrem pers\u00f6nlichen Profil zuzuordnen. Dies k\u00f6nnen Sie verhindern, indem Sie sich aus Ihrem YouTube- Account ausloggen.<br \/>Weitere Informationen zum Umgang von Nutzerdaten finden Sie in der Datenschutzerkl\u00e4rung von YouTube unter: https:\/\/www.google.de\/intl\/de\/policies\/privacy<\/p><h3>Widerspruch Werbe-Mails<\/h3><p>Der Nutzung von im Rahmen der Impressumspflicht ver\u00f6ffentlichten Kontaktdaten zur \u00dcbersendung von nicht ausdr\u00fccklich angeforderter Werbung und Informationsmaterialien wird hiermit widersprochen. Die Betreiber der Seiten behalten sich ausdr\u00fccklich rechtliche Schritte im Falle der unverlangten Zusendung von Werbeinformationen, etwa durch Spam-E-Mails, vor.<\/p><p>Quelle: eRecht24<\/p><\/div><\/div><\/div>\t\t\t\t\t\t\t\t<\/div>\n\t\t\t\t<\/div>\n\t\t\t\t\t<\/div>\n\t\t<\/div>\n\t\t\t\t\t<\/div>\n\t\t<\/section>\n\t\t\t\t<\/div>","protected":false},"excerpt":{"rendered":"<p>Kontakt E-Mail: info (at) maxvolbers.de Max VolbersAm Schlautbach 7548329 Havixbeck Haftung f\u00fcr Inhalte Als Diensteanbieter sind wir gem\u00e4\u00df \u00a7 7 Abs.1 TMG f\u00fcr eigene Inhalte auf diesen Seiten nach den allgemeinen Gesetzen verantwortlich. Nach \u00a7\u00a7 8 bis 10 TMG sind wir als Diensteanbieter jedoch nicht verpflichtet, \u00fcbermittelte oder gespeicherte fremde Informationen zu \u00fcberwachen oder nach [&hellip;]<\/p>\n","protected":false},"author":1,"featured_media":0,"parent":0,"menu_order":0,"comment_status":"closed","ping_status":"closed","template":"","meta":{"footnotes":""},"class_list":["post-4535","page","type-page","status-publish","hentry"],"yoast_head":"<!-- This site is optimized with the Yoast SEO plugin v27.3 - https:\/\/yoast.com\/product\/yoast-seo-wordpress\/ -->\n<title>Impressum &#8226; Max Volbers<\/title>\n<meta name=\"description\" content=\"Max Volbers &#8226; Impressum\" \/>\n<meta name=\"robots\" content=\"index, follow, max-snippet:-1, max-image-preview:large, max-video-preview:-1\" \/>\n<link rel=\"canonical\" href=\"https:\/\/maxvolbers.de\/en\/impressum\/\" \/>\n<meta property=\"og:locale\" content=\"en_US\" \/>\n<meta property=\"og:type\" content=\"article\" \/>\n<meta property=\"og:title\" content=\"Impressum &#8226; Max Volbers\" \/>\n<meta property=\"og:description\" content=\"Max Volbers &#8226; Impressum\" \/>\n<meta property=\"og:url\" content=\"https:\/\/maxvolbers.de\/en\/impressum\/\" \/>\n<meta property=\"og:site_name\" content=\"Max Volbers\" \/>\n<meta property=\"article:modified_time\" content=\"2024-11-19T17:21:03+00:00\" \/>\n<meta name=\"twitter:card\" content=\"summary_large_image\" \/>\n<meta name=\"twitter:label1\" content=\"Est. reading time\" \/>\n\t<meta name=\"twitter:data1\" content=\"5 minutes\" \/>\n<script type=\"application\/ld+json\" class=\"yoast-schema-graph\">{\"@context\":\"https:\\\/\\\/schema.org\",\"@graph\":[{\"@type\":\"WebPage\",\"@id\":\"https:\\\/\\\/maxvolbers.de\\\/impressum\\\/\",\"url\":\"https:\\\/\\\/maxvolbers.de\\\/impressum\\\/\",\"name\":\"Impressum &#8226; Max Volbers\",\"isPartOf\":{\"@id\":\"https:\\\/\\\/maxvolbers.de\\\/#website\"},\"datePublished\":\"2021-03-28T20:35:33+00:00\",\"dateModified\":\"2024-11-19T17:21:03+00:00\",\"description\":\"Max Volbers &#8226; Impressum\",\"breadcrumb\":{\"@id\":\"https:\\\/\\\/maxvolbers.de\\\/impressum\\\/#breadcrumb\"},\"inLanguage\":\"en-US\",\"potentialAction\":[{\"@type\":\"ReadAction\",\"target\":[\"https:\\\/\\\/maxvolbers.de\\\/impressum\\\/\"]}]},{\"@type\":\"BreadcrumbList\",\"@id\":\"https:\\\/\\\/maxvolbers.de\\\/impressum\\\/#breadcrumb\",\"itemListElement\":[{\"@type\":\"ListItem\",\"position\":1,\"name\":\"Startseite\",\"item\":\"https:\\\/\\\/maxvolbers.de\\\/\"},{\"@type\":\"ListItem\",\"position\":2,\"name\":\"Impressum\"}]},{\"@type\":\"WebSite\",\"@id\":\"https:\\\/\\\/maxvolbers.de\\\/#website\",\"url\":\"https:\\\/\\\/maxvolbers.de\\\/\",\"name\":\"Max Volbers\",\"description\":\"Herzlich willkommen auf der Website des Blockfl\u00f6tisten und Cembalisten Max Volbers. Welcome to my website.\",\"publisher\":{\"@id\":\"https:\\\/\\\/maxvolbers.de\\\/#\\\/schema\\\/person\\\/60e701dfef4446a12a71d57273061b34\"},\"potentialAction\":[{\"@type\":\"SearchAction\",\"target\":{\"@type\":\"EntryPoint\",\"urlTemplate\":\"https:\\\/\\\/maxvolbers.de\\\/?s={search_term_string}\"},\"query-input\":{\"@type\":\"PropertyValueSpecification\",\"valueRequired\":true,\"valueName\":\"search_term_string\"}}],\"inLanguage\":\"en-US\"},{\"@type\":[\"Person\",\"Organization\"],\"@id\":\"https:\\\/\\\/maxvolbers.de\\\/#\\\/schema\\\/person\\\/60e701dfef4446a12a71d57273061b34\",\"name\":\"mvolbers\",\"image\":{\"@type\":\"ImageObject\",\"inLanguage\":\"en-US\",\"@id\":\"http:\\\/\\\/maxvolbers.de\\\/wp-content\\\/uploads\\\/2021\\\/10\\\/DMW2021_MaxVolbers_Day01_208-By_Felix_Groteloh_highRes-scaled.jpg\",\"url\":\"http:\\\/\\\/maxvolbers.de\\\/wp-content\\\/uploads\\\/2021\\\/10\\\/DMW2021_MaxVolbers_Day01_208-By_Felix_Groteloh_highRes-scaled.jpg\",\"contentUrl\":\"http:\\\/\\\/maxvolbers.de\\\/wp-content\\\/uploads\\\/2021\\\/10\\\/DMW2021_MaxVolbers_Day01_208-By_Felix_Groteloh_highRes-scaled.jpg\",\"width\":2560,\"height\":1707,\"caption\":\"mvolbers\"},\"logo\":{\"@id\":\"http:\\\/\\\/maxvolbers.de\\\/wp-content\\\/uploads\\\/2021\\\/10\\\/DMW2021_MaxVolbers_Day01_208-By_Felix_Groteloh_highRes-scaled.jpg\"}}]}<\/script>\n<!-- \/ Yoast SEO plugin. -->","yoast_head_json":{"title":"Impressum &#8226; Max Volbers","description":"Max Volbers &#8226; Impressum","robots":{"index":"index","follow":"follow","max-snippet":"max-snippet:-1","max-image-preview":"max-image-preview:large","max-video-preview":"max-video-preview:-1"},"canonical":"https:\/\/maxvolbers.de\/en\/impressum\/","og_locale":"en_US","og_type":"article","og_title":"Impressum &#8226; Max Volbers","og_description":"Max Volbers &#8226; Impressum","og_url":"https:\/\/maxvolbers.de\/en\/impressum\/","og_site_name":"Max Volbers","article_modified_time":"2024-11-19T17:21:03+00:00","twitter_card":"summary_large_image","twitter_misc":{"Est. reading time":"5 minutes"},"schema":{"@context":"https:\/\/schema.org","@graph":[{"@type":"WebPage","@id":"https:\/\/maxvolbers.de\/impressum\/","url":"https:\/\/maxvolbers.de\/impressum\/","name":"Impressum &#8226; Max Volbers","isPartOf":{"@id":"https:\/\/maxvolbers.de\/#website"},"datePublished":"2021-03-28T20:35:33+00:00","dateModified":"2024-11-19T17:21:03+00:00","description":"Max Volbers &#8226; Impressum","breadcrumb":{"@id":"https:\/\/maxvolbers.de\/impressum\/#breadcrumb"},"inLanguage":"en-US","potentialAction":[{"@type":"ReadAction","target":["https:\/\/maxvolbers.de\/impressum\/"]}]},{"@type":"BreadcrumbList","@id":"https:\/\/maxvolbers.de\/impressum\/#breadcrumb","itemListElement":[{"@type":"ListItem","position":1,"name":"Startseite","item":"https:\/\/maxvolbers.de\/"},{"@type":"ListItem","position":2,"name":"Impressum"}]},{"@type":"WebSite","@id":"https:\/\/maxvolbers.de\/#website","url":"https:\/\/maxvolbers.de\/","name":"Max Volbers","description":"Herzlich willkommen auf der Website des Blockfl\u00f6tisten und Cembalisten Max Volbers. Welcome to my website.","publisher":{"@id":"https:\/\/maxvolbers.de\/#\/schema\/person\/60e701dfef4446a12a71d57273061b34"},"potentialAction":[{"@type":"SearchAction","target":{"@type":"EntryPoint","urlTemplate":"https:\/\/maxvolbers.de\/?s={search_term_string}"},"query-input":{"@type":"PropertyValueSpecification","valueRequired":true,"valueName":"search_term_string"}}],"inLanguage":"en-US"},{"@type":["Person","Organization"],"@id":"https:\/\/maxvolbers.de\/#\/schema\/person\/60e701dfef4446a12a71d57273061b34","name":"mvolbers","image":{"@type":"ImageObject","inLanguage":"en-US","@id":"http:\/\/maxvolbers.de\/wp-content\/uploads\/2021\/10\/DMW2021_MaxVolbers_Day01_208-By_Felix_Groteloh_highRes-scaled.jpg","url":"http:\/\/maxvolbers.de\/wp-content\/uploads\/2021\/10\/DMW2021_MaxVolbers_Day01_208-By_Felix_Groteloh_highRes-scaled.jpg","contentUrl":"http:\/\/maxvolbers.de\/wp-content\/uploads\/2021\/10\/DMW2021_MaxVolbers_Day01_208-By_Felix_Groteloh_highRes-scaled.jpg","width":2560,"height":1707,"caption":"mvolbers"},"logo":{"@id":"http:\/\/maxvolbers.de\/wp-content\/uploads\/2021\/10\/DMW2021_MaxVolbers_Day01_208-By_Felix_Groteloh_highRes-scaled.jpg"}}]}},"jetpack_sharing_enabled":true,"_links":{"self":[{"href":"https:\/\/maxvolbers.de\/en\/wp-json\/wp\/v2\/pages\/4535","targetHints":{"allow":["GET"]}}],"collection":[{"href":"https:\/\/maxvolbers.de\/en\/wp-json\/wp\/v2\/pages"}],"about":[{"href":"https:\/\/maxvolbers.de\/en\/wp-json\/wp\/v2\/types\/page"}],"author":[{"embeddable":true,"href":"https:\/\/maxvolbers.de\/en\/wp-json\/wp\/v2\/users\/1"}],"replies":[{"embeddable":true,"href":"https:\/\/maxvolbers.de\/en\/wp-json\/wp\/v2\/comments?post=4535"}],"version-history":[{"count":7,"href":"https:\/\/maxvolbers.de\/en\/wp-json\/wp\/v2\/pages\/4535\/revisions"}],"predecessor-version":[{"id":6937,"href":"https:\/\/maxvolbers.de\/en\/wp-json\/wp\/v2\/pages\/4535\/revisions\/6937"}],"wp:attachment":[{"href":"https:\/\/maxvolbers.de\/en\/wp-json\/wp\/v2\/media?parent=4535"}],"curies":[{"name":"wp","href":"https:\/\/api.w.org\/{rel}","templated":true}]}}